{"id":119,"date":"2017-09-14T18:18:35","date_gmt":"2017-09-14T16:18:35","guid":{"rendered":"http:\/\/ermitage.be\/?page_id=119"},"modified":"2024-04-27T13:54:19","modified_gmt":"2024-04-27T11:54:19","slug":"les-membres","status":"publish","type":"page","link":"http:\/\/ermitage.be\/?page_id=119","title":{"rendered":"Les membres"},"content":{"rendered":"<p>Cher(e)s membres,<\/p>\n<p>La saison 2024 approche \u00e0 grands pas, nous pouvons d\u00e8s \u00e0 pr\u00e9sent vous communiquer les tarifs pour la cotisation.<br \/>\nVoici les tarifs pour cette saison :<\/p>\n<p>Adultes (\u00e0 partir de 18 ans) : 150\u20ac<\/p>\n<p>Enfants : 75\u20ac<\/p>\n<p>Familles : 400\u20ac<\/p>\n<p>Carte de f\u00e9d\u00e9ration (interclubs, tournois) : 25\u20ac<\/p>\n<p>Vous pouvez d\u00e8s \u00e0 pr\u00e9sent faire le versement sur le compte BE48 0019 7366 1727<\/p>\n<p>Pour les cotisations \u00ab\u00a0famille\u00a0\u00bb : n&rsquo;oubliez pas de renseigner le nom de tous les membres de la famille dans la communication ainsi que le pr\u00e9nom de ceux qui d\u00e9sirent une carte de f\u00e9d\u00e9ration (c&rsquo;est parfois un vrai casse t\u00eate pour \u00ab\u00a0d\u00e9cortiquer\u00a0\u00bb le montant qui nous est vers\u00e9 &#8211; merci pour le tr\u00e9sorier).<\/p>\n<p>Si vous vous inscrivez chez nous pour la premi\u00e8re fois, nous vous demandons de bien vouloir compl\u00e9ter le document suivant\u00a0 <a href=\"http:\/\/ermitage.be\/wp-content\/uploads\/2019\/07\/Fiche-Membre-interactif.pdf\">Fiche Membre interactif<\/a> et l&rsquo;envoyer \u00e0 l&rsquo;adresse mail du club. (vous pouvez \u00e9crire directement sur le document pdf)<\/p>\n<p>Le syst\u00e8me de r\u00e9servation en ligne est maintenant accessible \u00e0 tous les membres en ordre de cotisation. Voici le lien:\u00a0https:\/\/www.tennislibre.com\/tennis\/front\/home\/home.php<\/p>\n<p>Si vous avez des questions ou souhaitez davantage d&rsquo;informations concernant les cotisations, les transferts, les interclubs ou encore le syst\u00e8me de r\u00e9servation en ligne vous pouvez prendre contact avec Thierry Ollinger par t\u00e9l\u00e9phone au 0479\/84.79.92 ou par mail \u00e0 club@ermitage.be.<\/p>\n","protected":false},"excerpt":{"rendered":"<p>Cher(e)s membres, La saison 2024 approche \u00e0 grands pas, nous pouvons d\u00e8s \u00e0 pr\u00e9sent vous communiquer les tarifs pour la cotisation. Voici les tarifs pour cette saison : Adultes (\u00e0 partir de 18 ans) : 150\u20ac Enfants : 75\u20ac Familles : 400\u20ac Carte de f\u00e9d\u00e9ration (interclubs, tournois) : 25\u20ac Vous pouvez d\u00e8s \u00e0 pr\u00e9sent faire\u2026<\/p>\n","protected":false},"author":1,"featured_media":182,"parent":0,"menu_order":0,"comment_status":"closed","ping_status":"closed","template":"","meta":{"om_disable_all_campaigns":false,"_monsterinsights_skip_tracking":false,"_monsterinsights_sitenote_active":false,"_monsterinsights_sitenote_note":"","_monsterinsights_sitenote_category":0,"_uf_show_specific_survey":0,"_uf_disable_surveys":false,"footnotes":""},"class_list":["post-119","page","type-page","status-publish","has-post-thumbnail","hentry"],"aioseo_notices":[],"_links":{"self":[{"href":"http:\/\/ermitage.be\/index.php?rest_route=\/wp\/v2\/pages\/119","targetHints":{"allow":["GET"]}}],"collection":[{"href":"http:\/\/ermitage.be\/index.php?rest_route=\/wp\/v2\/pages"}],"about":[{"href":"http:\/\/ermitage.be\/index.php?rest_route=\/wp\/v2\/types\/page"}],"author":[{"embeddable":true,"href":"http:\/\/ermitage.be\/index.php?rest_route=\/wp\/v2\/users\/1"}],"replies":[{"embeddable":true,"href":"http:\/\/ermitage.be\/index.php?rest_route=%2Fwp%2Fv2%2Fcomments&post=119"}],"version-history":[{"count":21,"href":"http:\/\/ermitage.be\/index.php?rest_route=\/wp\/v2\/pages\/119\/revisions"}],"predecessor-version":[{"id":450,"href":"http:\/\/ermitage.be\/index.php?rest_route=\/wp\/v2\/pages\/119\/revisions\/450"}],"wp:featuredmedia":[{"embeddable":true,"href":"http:\/\/ermitage.be\/index.php?rest_route=\/wp\/v2\/media\/182"}],"wp:attachment":[{"href":"http:\/\/ermitage.be\/index.php?rest_route=%2Fwp%2Fv2%2Fmedia&parent=119"}],"curies":[{"name":"wp","href":"https:\/\/api.w.org\/{rel}","templated":true}]}}